{"id":5247,"date":"2025-06-19T14:31:44","date_gmt":"2025-06-19T12:31:44","guid":{"rendered":"https:\/\/polylightcolumns.com\/?page_id=5247"},"modified":"2025-06-19T15:08:32","modified_gmt":"2025-06-19T13:08:32","slug":"politica-de-calidad","status":"publish","type":"page","link":"https:\/\/polylightcolumns.com\/pt-pt\/politica-de-calidad\/","title":{"rendered":"Pol\u00edtica de Calidad"},"content":{"rendered":"\t\t<div data-elementor-type=\"wp-post\" data-elementor-id=\"5247\" class=\"elementor elementor-5247\" data-elementor-post-type=\"page\">\n\t\t\t\t\t\t<section class=\"elementor-section elementor-top-section elementor-element elementor-element-1a93f30 elementor-section-boxed elementor-section-height-default elementor-section-height-default\" data-id=\"1a93f30\" data-element_type=\"section\" data-settings=\"{&quot;background_background&quot;:&quot;classic&quot;,&quot;jet_parallax_layout_list&quot;:[{&quot;_id&quot;:&quot;c24a3d7&quot;,&quot;jet_parallax_layout_image&quot;:{&quot;url&quot;:&quot;&quot;,&quot;id&quot;:&quot;&quot;,&quot;size&quot;:&quot;&quot;},&quot;jet_parallax_layout_image_tablet&quot;:{&quot;url&quot;:&quot;&quot;,&quot;id&quot;:&quot;&quot;,&quot;size&quot;:&quot;&quot;},&quot;jet_parallax_layout_image_mobile&quot;:{&quot;url&quot;:&quot;&quot;,&quot;id&quot;:&quot;&quot;,&quot;size&quot;:&quot;&quot;},&quot;jet_parallax_layout_speed&quot;:{&quot;unit&quot;:&quot;%&quot;,&quot;size&quot;:50,&quot;sizes&quot;:[]},&quot;jet_parallax_layout_type&quot;:&quot;scroll&quot;,&quot;jet_parallax_layout_direction&quot;:&quot;1&quot;,&quot;jet_parallax_layout_fx_direction&quot;:null,&quot;jet_parallax_layout_z_index&quot;:&quot;&quot;,&quot;jet_parallax_layout_bg_x&quot;:50,&quot;jet_parallax_layout_bg_x_tablet&quot;:&quot;&quot;,&quot;jet_parallax_layout_bg_x_mobile&quot;:&quot;&quot;,&quot;jet_parallax_layout_bg_y&quot;:50,&quot;jet_parallax_layout_bg_y_tablet&quot;:&quot;&quot;,&quot;jet_parallax_layout_bg_y_mobile&quot;:&quot;&quot;,&quot;jet_parallax_layout_bg_size&quot;:&quot;auto&quot;,&quot;jet_parallax_layout_bg_size_tablet&quot;:&quot;&quot;,&quot;jet_parallax_layout_bg_size_mobile&quot;:&quot;&quot;,&quot;jet_parallax_layout_animation_prop&quot;:&quot;transform&quot;,&quot;jet_parallax_layout_on&quot;:[&quot;desktop&quot;,&quot;tablet&quot;]}]}\">\n\t\t\t\t\t\t\t<div class=\"elementor-background-overlay\"><\/div>\n\t\t\t\t\t\t\t<div class=\"elementor-container elementor-column-gap-no\">\n\t\t\t\t\t<div class=\"elementor-column elementor-col-100 elementor-top-column elementor-element elementor-element-6038057\" data-id=\"6038057\" data-element_type=\"column\">\n\t\t\t<div class=\"elementor-widget-wrap elementor-element-populated\">\n\t\t\t\t\t\t<div class=\"elementor-element elementor-element-fb916db elementor-widget elementor-widget-heading\" data-id=\"fb916db\" data-element_type=\"widget\" data-widget_type=\"heading.default\">\n\t\t\t\t<div class=\"elementor-widget-container\">\n\t\t\t\t\t<h1 class=\"elementor-heading-title elementor-size-default\">Pol\u00edtica de Calidad<\/h1>\t\t\t\t<\/div>\n\t\t\t\t<\/div>\n\t\t\t\t<div class=\"elementor-element elementor-element-a33ecbb elementor-widget elementor-widget-heading\" data-id=\"a33ecbb\" data-element_type=\"widget\" data-widget_type=\"heading.default\">\n\t\t\t\t<div class=\"elementor-widget-container\">\n\t\t\t\t\t<h5 class=\"elementor-heading-title elementor-size-default\">POLYLIGHT COLUMNS<\/h5>\t\t\t\t<\/div>\n\t\t\t\t<\/div>\n\t\t\t\t\t<\/div>\n\t\t<\/div>\n\t\t\t\t\t<\/div>\n\t\t<\/section>\n\t\t\t\t<section class=\"elementor-section elementor-top-section elementor-element elementor-element-1b1f0e4 elementor-section-boxed elementor-section-height-default elementor-section-height-default\" data-id=\"1b1f0e4\" data-element_type=\"section\" data-settings=\"{&quot;jet_parallax_layout_list&quot;:[{&quot;_id&quot;:&quot;9f0a648&quot;,&quot;jet_parallax_layout_image&quot;:{&quot;url&quot;:&quot;&quot;,&quot;id&quot;:&quot;&quot;,&quot;size&quot;:&quot;&quot;},&quot;jet_parallax_layout_image_tablet&quot;:{&quot;url&quot;:&quot;&quot;,&quot;id&quot;:&quot;&quot;,&quot;size&quot;:&quot;&quot;},&quot;jet_parallax_layout_image_mobile&quot;:{&quot;url&quot;:&quot;&quot;,&quot;id&quot;:&quot;&quot;,&quot;size&quot;:&quot;&quot;},&quot;jet_parallax_layout_speed&quot;:{&quot;unit&quot;:&quot;%&quot;,&quot;size&quot;:50,&quot;sizes&quot;:[]},&quot;jet_parallax_layout_type&quot;:&quot;scroll&quot;,&quot;jet_parallax_layout_direction&quot;:&quot;1&quot;,&quot;jet_parallax_layout_fx_direction&quot;:null,&quot;jet_parallax_layout_z_index&quot;:&quot;&quot;,&quot;jet_parallax_layout_bg_x&quot;:50,&quot;jet_parallax_layout_bg_x_tablet&quot;:&quot;&quot;,&quot;jet_parallax_layout_bg_x_mobile&quot;:&quot;&quot;,&quot;jet_parallax_layout_bg_y&quot;:50,&quot;jet_parallax_layout_bg_y_tablet&quot;:&quot;&quot;,&quot;jet_parallax_layout_bg_y_mobile&quot;:&quot;&quot;,&quot;jet_parallax_layout_bg_size&quot;:&quot;auto&quot;,&quot;jet_parallax_layout_bg_size_tablet&quot;:&quot;&quot;,&quot;jet_parallax_layout_bg_size_mobile&quot;:&quot;&quot;,&quot;jet_parallax_layout_animation_prop&quot;:&quot;transform&quot;,&quot;jet_parallax_layout_on&quot;:[&quot;desktop&quot;,&quot;tablet&quot;]}]}\">\n\t\t\t\t\t\t<div class=\"elementor-container elementor-column-gap-no\">\n\t\t\t\t\t<div class=\"elementor-column elementor-col-100 elementor-top-column elementor-element elementor-element-c5180a0\" data-id=\"c5180a0\" data-element_type=\"column\">\n\t\t\t<div class=\"elementor-widget-wrap elementor-element-populated\">\n\t\t\t\t\t\t<div class=\"elementor-element elementor-element-c7de095 elementor-widget elementor-widget-text-editor\" data-id=\"c7de095\" data-element_type=\"widget\" data-widget_type=\"text-editor.default\">\n\t\t\t\t<div class=\"elementor-widget-container\">\n\t\t\t\t\t\t\t\t\t<p><b>AB ZETA M&amp;C, S.L. (POLYLIGHT)<\/b> manifiesta abiertamente su intenci\u00f3n de ofrecer unos servicios competitivos a todos sus clientes; por dicho motivo, ha implantado un sistema de gesti\u00f3n de calidad en el seno de la organizaci\u00f3n, cuyo principal objetivo es alcanzar la satisfacci\u00f3n esperada por los clientes, a trav\u00e9s de unos procesos establecidos y fundamentados en un proceso de mejora continua.<\/p><p>Ser\u00e1 objetivo de la empresa trabajar al nivel que marca la norma <b>ISO 9001:2015, ISO 14001:2015<\/b> y LA norma <b>UNE 40-7 <\/b>asegurar que nuestros productos y servicios cumplen con los requisitos legales, reglamentarios propios de la Norma y especificaciones de clientes que afecten.<\/p><p>El alcance: Dise\u00f1o, Fabricaci\u00f3n y Comercializaci\u00f3n, de m\u00e1stiles y Columnas de Alumbrado de Fibra de Vidrio.<\/p><p>La pol\u00edtica de la calidad definida por <b>POLYLIGHT<\/b> est\u00e1 enfocada a la consecuci\u00f3n del objetivo principal, que es satisfacer las expectativas y necesidades de sus clientes y consiste en la realizaci\u00f3n por parte de todo el personal de la empresa, como parte integrante del sistema de gesti\u00f3n, de las siguientes acciones fundamentales:<\/p><ul><li>Competencia y liderazgo por parte de la alta direcci\u00f3n como compromiso para desarrollar el Sistema de Gesti\u00f3n Integrado.\u00a0<\/li><li><span style=\"font-style: inherit; font-weight: inherit;\">Determinar las partes interesadas internas y externas que son <\/span><span style=\"font-style: inherit; font-weight: inherit;\">pertinentes para el sistema de gesti\u00f3n integrado y cumplir con sus <\/span><span style=\"font-style: inherit; font-weight: inherit;\">requisitos.<\/span><\/li><li><span style=\"font-style: inherit; font-weight: inherit;\">Entender el contexto de la organizaci\u00f3n y determinar las <\/span><span style=\"font-style: inherit; font-weight: inherit;\">oportunidades y los riesgos de la misma como base para la <\/span><span style=\"font-style: inherit; font-weight: inherit;\">planificaci\u00f3n de acciones para abordarlos, asumirlos o tratarlos.<\/span><\/li><li><span style=\"font-style: inherit; font-weight: inherit;\">El objetivo primordial es satisfacer al 100% las expectativas que el <\/span><span style=\"font-style: inherit; font-weight: inherit;\">cliente tiene de nuestro producto.<\/span><\/li><li><span style=\"font-style: inherit; font-weight: inherit;\">Asegurar la m\u00e1xima calidad de nuestro producto y servicio orientados <\/span><span style=\"font-style: inherit; font-weight: inherit;\">a conseguir la m\u00e1xima satisfacci\u00f3n de nuestros clientes.<\/span><\/li><li><span style=\"font-style: inherit; font-weight: inherit;\">El cliente es el que define los requerimientos de calidad y medio <\/span><span style=\"font-style: inherit; font-weight: inherit;\">ambiente para su uso espec\u00edfico. En conjunto acordamos <\/span><span style=\"font-style: inherit; font-weight: inherit;\">especificaciones medibles para que nuestros productos satisfagan sus <\/span><span style=\"font-style: inherit; font-weight: inherit;\">necesidades.<\/span><\/li><li><span style=\"font-style: inherit; font-weight: inherit;\">Establecer un sistema de mejora continua y constante de nuestros <\/span><span style=\"font-style: inherit; font-weight: inherit;\">procesos dotando a nuestro personal de una adecuada formaci\u00f3n y <\/span><span style=\"font-style: inherit; font-weight: inherit;\">los recursos necesarios para la correcta ejecuci\u00f3n de nuestros <\/span><span style=\"font-style: inherit; font-weight: inherit;\">trabajos.<\/span><\/li><li><span style=\"font-style: inherit; font-weight: inherit;\">Consolidar un adecuado sistema de comunicaci\u00f3n y distribuci\u00f3n de la <\/span><span style=\"font-style: inherit; font-weight: inherit;\">informaci\u00f3n que facilite la captaci\u00f3n, recolecci\u00f3n, almacenamiento y <\/span><span style=\"font-style: inherit; font-weight: inherit;\">tratamiento de los datos incrementando as\u00ed la eficacia de la gesti\u00f3n.<\/span><\/li><li><span style=\"font-style: inherit; font-weight: inherit;\">Establecer un control de progreso peri\u00f3dico que permita analizar la consecuci\u00f3n de los objetivos de la calidad.<\/span><\/li><li><span style=\"font-style: inherit; font-weight: inherit;\">Compromiso de todos los empleados con los objetivos de calidad y\u00a0<\/span>medio ambiente depositando confianza en sus posibilidades enfocada a la mejora de los \u00edndices de calidad perseguidos.<\/li><li><span style=\"font-style: inherit; font-weight: inherit;\">Mantener siempre el compromiso de la mejora continua de nuestros productos.<\/span><\/li><li><span style=\"font-style: inherit; font-weight: inherit;\">Todas nuestras materias primas se miden bajo normas de calidad establecidas y cada proveedor debe cumplir con las normas de calidad y medio ambiente.<\/span><\/li><li><span style=\"font-style: inherit; font-weight: inherit;\">Las relaciones con nuestros clientes y proveedores se caracterizan por la cooperaci\u00f3n y comunicaci\u00f3n abierta, estamos comprometidos a responder de manera entusiasta y profesional a cualquier necesidad expresada por ellos.<\/span><\/li><li><span style=\"font-style: inherit; font-weight: inherit;\">Mantenimiento de una comunicaci\u00f3n fluida tanto a nivel interno, entre los distintos estamentos de la empresa.<\/span><\/li><li><span style=\"font-style: inherit; font-weight: inherit;\">Proteger el medio ambiente y prevenir la contaminaci\u00f3n directamente derivada de nuestro trabajo asegurando la seguridad y bienestar de las personas, reduciendo la generaci\u00f3n de residuos y gestionando su eficiencia en todo el ciclo de vida.<\/span><\/li><li><span style=\"font-style: inherit; font-weight: inherit;\">C\u00e1lculo de la huella de carbono y minimizaci\u00f3n de nuestro impacto en el cambio clim\u00e1tico.<\/span><\/li><li><span style=\"font-style: inherit; font-weight: inherit;\">Cumplimiento escrupuloso de la legislaci\u00f3n, normativa vigente y los requisitos aplicables, as\u00ed como otros compromisos suscritos por la empresa.<\/span><\/li><li><span style=\"font-style: inherit; font-weight: inherit;\">Revisar peri\u00f3dicamente el grado de eficacia del Sistema de Gesti\u00f3n, al objeto de detectar puntos d\u00e9biles y poder adoptar las acciones necesarias, para una mejora continua de nuestras actividades y del desempe\u00f1o en materia de calidad y medioambiental.<\/span><\/li><li><span style=\"font-style: inherit; font-weight: inherit;\">Esta pol\u00edtica integrada es entendida, implantada y mantenida al d\u00eda en todos los niveles de la organizaci\u00f3n, y cuenta con el total compromiso y apoyo de la Direcci\u00f3n de ABZ, quien la establece, desarrolla y aplica por medio del SGI implantado.\u00a0<\/span><\/li><\/ul><p><span style=\"font-style: inherit; font-weight: inherit;\">Para el cumplimiento de la Pol\u00edtica Integrada esta Direcci\u00f3n pondr\u00e1 los medios, conocimientos y recursos necesarios para su consecuci\u00f3n. As\u00ed mismo desde Direcci\u00f3n se pide al personal que asuma y colabore en el cumplimiento del Sistema de Gesti\u00f3n Integrada.<\/span><\/p>\t\t\t\t\t\t\t\t<\/div>\n\t\t\t\t<\/div>\n\t\t\t\t\t<\/div>\n\t\t<\/div>\n\t\t\t\t\t<\/div>\n\t\t<\/section>\n\t\t\t\t<\/div>\n\t\t","protected":false},"excerpt":{"rendered":"<p>Pol\u00edtica de Calidad POLYLIGHT COLUMNS AB ZETA M&amp;C, S.L. (POLYLIGHT) manifiesta abiertamente su intenci\u00f3n de ofrecer unos servicios competitivos a todos sus clientes; por dicho motivo, ha implantado un sistema de gesti\u00f3n de calidad en [&hellip;]<\/p>\n","protected":false},"author":1,"featured_media":0,"parent":0,"menu_order":0,"comment_status":"closed","ping_status":"closed","template":"","meta":{"site-sidebar-layout":"no-sidebar","site-content-layout":"page-builder","ast-site-content-layout":"full-width-container","site-content-style":"unboxed","site-sidebar-style":"unboxed","ast-global-header-display":"","ast-banner-title-visibility":"","ast-main-header-display":"","ast-hfb-above-header-display":"","ast-hfb-below-header-display":"","ast-hfb-mobile-header-display":"","site-post-title":"disabled","ast-breadcrumbs-content":"","ast-featured-img":"disabled","footer-sml-layout":"","ast-disable-related-posts":"","theme-transparent-header-meta":"default","adv-header-id-meta":"","stick-header-meta":"","header-above-stick-meta":"","header-main-stick-meta":"","header-below-stick-meta":"","astra-migrate-meta-layouts":"set","ast-page-background-enabled":"default","ast-page-background-meta":{"desktop":{"background-color":"","background-image":"","background-repeat":"repeat","background-position":"center center","background-size":"auto","background-attachment":"scroll","background-type":"","background-media":"","overlay-type":"","overlay-color":"","overlay-opacity":"","overlay-gradient":""},"tablet":{"background-color":"","background-image":"","background-repeat":"repeat","background-position":"center center","background-size":"auto","background-attachment":"scroll","background-type":"","background-media":"","overlay-type":"","overlay-color":"","overlay-opacity":"","overlay-gradient":""},"mobile":{"background-color":"","background-image":"","background-repeat":"repeat","background-position":"center center","background-size":"auto","background-attachment":"scroll","background-type":"","background-media":"","overlay-type":"","overlay-color":"","overlay-opacity":"","overlay-gradient":""}},"ast-content-background-meta":{"desktop":{"background-color":"var(--ast-global-color-5)","background-image":"","background-repeat":"repeat","background-position":"center center","background-size":"auto","background-attachment":"scroll","background-type":"","background-media":"","overlay-type":"","overlay-color":"","overlay-opacity":"","overlay-gradient":""},"tablet":{"background-color":"var(--ast-global-color-5)","background-image":"","background-repeat":"repeat","background-position":"center center","background-size":"auto","background-attachment":"scroll","background-type":"","background-media":"","overlay-type":"","overlay-color":"","overlay-opacity":"","overlay-gradient":""},"mobile":{"background-color":"var(--ast-global-color-5)","background-image":"","background-repeat":"repeat","background-position":"center center","background-size":"auto","background-attachment":"scroll","background-type":"","background-media":"","overlay-type":"","overlay-color":"","overlay-opacity":"","overlay-gradient":""}},"footnotes":""},"class_list":["post-5247","page","type-page","status-publish","hentry"],"yoast_head":"<!-- This site is optimized with the Yoast SEO plugin v26.8 - https:\/\/yoast.com\/product\/yoast-seo-wordpress\/ -->\n<title>Pol\u00edtica de Calidad - Polylight Columns<\/title>\n<meta name=\"robots\" content=\"noindex, nofollow\" \/>\n<meta property=\"og:locale\" content=\"pt_PT\" \/>\n<meta property=\"og:type\" content=\"article\" \/>\n<meta property=\"og:title\" content=\"Pol\u00edtica de Calidad - Polylight Columns\" \/>\n<meta property=\"og:description\" content=\"Pol\u00edtica de Calidad POLYLIGHT COLUMNS AB ZETA M&amp;C, S.L. (POLYLIGHT) manifiesta abiertamente su intenci\u00f3n de ofrecer unos servicios competitivos a todos sus clientes; por dicho motivo, ha implantado un sistema de gesti\u00f3n de calidad en [&hellip;]\" \/>\n<meta property=\"og:url\" content=\"https:\/\/polylightcolumns.com\/pt-pt\/politica-de-calidad\/\" \/>\n<meta property=\"og:site_name\" content=\"Polylight Columns\" \/>\n<meta property=\"article:modified_time\" content=\"2025-06-19T13:08:32+00:00\" \/>\n<meta name=\"twitter:card\" content=\"summary_large_image\" \/>\n<meta name=\"twitter:label1\" content=\"Tempo estimado de leitura\" \/>\n\t<meta name=\"twitter:data1\" content=\"4 minutos\" \/>\n<script type=\"application\/ld+json\" class=\"yoast-schema-graph\">{\"@context\":\"https:\/\/schema.org\",\"@graph\":[{\"@type\":\"WebPage\",\"@id\":\"https:\/\/polylightcolumns.com\/pt-pt\/politica-de-calidad\/\",\"url\":\"https:\/\/polylightcolumns.com\/pt-pt\/politica-de-calidad\/\",\"name\":\"Pol\u00edtica de Calidad - Polylight Columns\",\"isPartOf\":{\"@id\":\"https:\/\/polylightcolumns.com\/pt-pt\/#website\"},\"datePublished\":\"2025-06-19T12:31:44+00:00\",\"dateModified\":\"2025-06-19T13:08:32+00:00\",\"breadcrumb\":{\"@id\":\"https:\/\/polylightcolumns.com\/pt-pt\/politica-de-calidad\/#breadcrumb\"},\"inLanguage\":\"pt-PT\",\"potentialAction\":[{\"@type\":\"ReadAction\",\"target\":[\"https:\/\/polylightcolumns.com\/pt-pt\/politica-de-calidad\/\"]}]},{\"@type\":\"BreadcrumbList\",\"@id\":\"https:\/\/polylightcolumns.com\/pt-pt\/politica-de-calidad\/#breadcrumb\",\"itemListElement\":[{\"@type\":\"ListItem\",\"position\":1,\"name\":\"Portada\",\"item\":\"https:\/\/polylightcolumns.com\/pt-pt\/\"},{\"@type\":\"ListItem\",\"position\":2,\"name\":\"Pol\u00edtica de Calidad\"}]},{\"@type\":\"WebSite\",\"@id\":\"https:\/\/polylightcolumns.com\/pt-pt\/#website\",\"url\":\"https:\/\/polylightcolumns.com\/pt-pt\/\",\"name\":\"Polylight Columns\",\"description\":\"\",\"publisher\":{\"@id\":\"https:\/\/polylightcolumns.com\/pt-pt\/#organization\"},\"potentialAction\":[{\"@type\":\"SearchAction\",\"target\":{\"@type\":\"EntryPoint\",\"urlTemplate\":\"https:\/\/polylightcolumns.com\/pt-pt\/?s={search_term_string}\"},\"query-input\":{\"@type\":\"PropertyValueSpecification\",\"valueRequired\":true,\"valueName\":\"search_term_string\"}}],\"inLanguage\":\"pt-PT\"},{\"@type\":\"Organization\",\"@id\":\"https:\/\/polylightcolumns.com\/pt-pt\/#organization\",\"name\":\"Polylight Columns\",\"url\":\"https:\/\/polylightcolumns.com\/pt-pt\/\",\"logo\":{\"@type\":\"ImageObject\",\"inLanguage\":\"pt-PT\",\"@id\":\"https:\/\/polylightcolumns.com\/pt-pt\/#\/schema\/logo\/image\/\",\"url\":\"https:\/\/polylightcolumns.com\/wp-content\/uploads\/2024\/02\/logo-polylight-columns-negro.svg\",\"contentUrl\":\"https:\/\/polylightcolumns.com\/wp-content\/uploads\/2024\/02\/logo-polylight-columns-negro.svg\",\"width\":100,\"height\":100,\"caption\":\"Polylight Columns\"},\"image\":{\"@id\":\"https:\/\/polylightcolumns.com\/pt-pt\/#\/schema\/logo\/image\/\"}}]}<\/script>\n<!-- \/ Yoast SEO plugin. -->","yoast_head_json":{"title":"Pol\u00edtica de Calidad - Polylight Columns","robots":{"index":"noindex","follow":"nofollow"},"og_locale":"pt_PT","og_type":"article","og_title":"Pol\u00edtica de Calidad - Polylight Columns","og_description":"Pol\u00edtica de Calidad POLYLIGHT COLUMNS AB ZETA M&amp;C, S.L. (POLYLIGHT) manifiesta abiertamente su intenci\u00f3n de ofrecer unos servicios competitivos a todos sus clientes; por dicho motivo, ha implantado un sistema de gesti\u00f3n de calidad en [&hellip;]","og_url":"https:\/\/polylightcolumns.com\/pt-pt\/politica-de-calidad\/","og_site_name":"Polylight Columns","article_modified_time":"2025-06-19T13:08:32+00:00","twitter_card":"summary_large_image","twitter_misc":{"Tempo estimado de leitura":"4 minutos"},"schema":{"@context":"https:\/\/schema.org","@graph":[{"@type":"WebPage","@id":"https:\/\/polylightcolumns.com\/pt-pt\/politica-de-calidad\/","url":"https:\/\/polylightcolumns.com\/pt-pt\/politica-de-calidad\/","name":"Pol\u00edtica de Calidad - Polylight Columns","isPartOf":{"@id":"https:\/\/polylightcolumns.com\/pt-pt\/#website"},"datePublished":"2025-06-19T12:31:44+00:00","dateModified":"2025-06-19T13:08:32+00:00","breadcrumb":{"@id":"https:\/\/polylightcolumns.com\/pt-pt\/politica-de-calidad\/#breadcrumb"},"inLanguage":"pt-PT","potentialAction":[{"@type":"ReadAction","target":["https:\/\/polylightcolumns.com\/pt-pt\/politica-de-calidad\/"]}]},{"@type":"BreadcrumbList","@id":"https:\/\/polylightcolumns.com\/pt-pt\/politica-de-calidad\/#breadcrumb","itemListElement":[{"@type":"ListItem","position":1,"name":"Portada","item":"https:\/\/polylightcolumns.com\/pt-pt\/"},{"@type":"ListItem","position":2,"name":"Pol\u00edtica de Calidad"}]},{"@type":"WebSite","@id":"https:\/\/polylightcolumns.com\/pt-pt\/#website","url":"https:\/\/polylightcolumns.com\/pt-pt\/","name":"Polylight Columns","description":"","publisher":{"@id":"https:\/\/polylightcolumns.com\/pt-pt\/#organization"},"potentialAction":[{"@type":"SearchAction","target":{"@type":"EntryPoint","urlTemplate":"https:\/\/polylightcolumns.com\/pt-pt\/?s={search_term_string}"},"query-input":{"@type":"PropertyValueSpecification","valueRequired":true,"valueName":"search_term_string"}}],"inLanguage":"pt-PT"},{"@type":"Organization","@id":"https:\/\/polylightcolumns.com\/pt-pt\/#organization","name":"Polylight Columns","url":"https:\/\/polylightcolumns.com\/pt-pt\/","logo":{"@type":"ImageObject","inLanguage":"pt-PT","@id":"https:\/\/polylightcolumns.com\/pt-pt\/#\/schema\/logo\/image\/","url":"https:\/\/polylightcolumns.com\/wp-content\/uploads\/2024\/02\/logo-polylight-columns-negro.svg","contentUrl":"https:\/\/polylightcolumns.com\/wp-content\/uploads\/2024\/02\/logo-polylight-columns-negro.svg","width":100,"height":100,"caption":"Polylight Columns"},"image":{"@id":"https:\/\/polylightcolumns.com\/pt-pt\/#\/schema\/logo\/image\/"}}]}},"_links":{"self":[{"href":"https:\/\/polylightcolumns.com\/pt-pt\/wp-json\/wp\/v2\/pages\/5247","targetHints":{"allow":["GET"]}}],"collection":[{"href":"https:\/\/polylightcolumns.com\/pt-pt\/wp-json\/wp\/v2\/pages"}],"about":[{"href":"https:\/\/polylightcolumns.com\/pt-pt\/wp-json\/wp\/v2\/types\/page"}],"author":[{"embeddable":true,"href":"https:\/\/polylightcolumns.com\/pt-pt\/wp-json\/wp\/v2\/users\/1"}],"replies":[{"embeddable":true,"href":"https:\/\/polylightcolumns.com\/pt-pt\/wp-json\/wp\/v2\/comments?post=5247"}],"version-history":[{"count":5,"href":"https:\/\/polylightcolumns.com\/pt-pt\/wp-json\/wp\/v2\/pages\/5247\/revisions"}],"predecessor-version":[{"id":5255,"href":"https:\/\/polylightcolumns.com\/pt-pt\/wp-json\/wp\/v2\/pages\/5247\/revisions\/5255"}],"wp:attachment":[{"href":"https:\/\/polylightcolumns.com\/pt-pt\/wp-json\/wp\/v2\/media?parent=5247"}],"curies":[{"name":"wp","href":"https:\/\/api.w.org\/{rel}","templated":true}]}}